{"id":92707,"date":"2025-09-23T11:19:17","date_gmt":"2025-09-23T09:19:17","guid":{"rendered":"https:\/\/dev.ek-s.com\/impressum\/"},"modified":"2025-12-17T11:04:20","modified_gmt":"2025-12-17T10:04:20","slug":"impressum","status":"publish","type":"page","link":"https:\/\/dev.ek-s.com\/de\/impressum\/","title":{"rendered":"Impressum"},"content":{"rendered":"\t\t<div data-elementor-type=\"wp-page\" data-elementor-id=\"92707\" class=\"elementor elementor-92707 elementor-89943\" data-elementor-post-type=\"page\">\n\t\t\t\t<div class=\"elementor-element elementor-element-12025ce e-flex e-con-boxed e-con e-parent\" data-id=\"12025ce\" data-element_type=\"container\" data-settings=\"{&quot;jet_parallax_layout_list&quot;:[]}\">\n\t\t\t\t\t<div class=\"e-con-inner\">\n\t\t<div class=\"elementor-element elementor-element-d44e009 e-con-full epgcontainer e-flex e-con e-child\" data-id=\"d44e009\" data-element_type=\"container\" data-settings=\"{&quot;jet_parallax_layout_list&quot;:[]}\">\n\t\t<div class=\"elementor-element elementor-element-7c27adb e-con-full e-flex e-con e-child\" data-id=\"7c27adb\" data-element_type=\"container\" data-settings=\"{&quot;jet_parallax_layout_list&quot;:[]}\">\n\t\t\t\t<div class=\"elementor-element elementor-element-b024463 elementor-widget elementor-widget-heading\" data-id=\"b024463\" data-element_type=\"widget\" data-widget_type=\"heading.default\">\n\t\t\t\t\t<h1 class=\"elementor-heading-title elementor-size-default\">Impressum<\/h1>\t\t\t\t<\/div>\n\t\t\t\t<div class=\"elementor-element elementor-element-5026893 elementor-widget elementor-widget-text-editor\" data-id=\"5026893\" data-element_type=\"widget\" data-widget_type=\"text-editor.default\">\n\t\t\t\t\t\t\t\t\t<p>EKS &#8211; Ehrhardt Konoike Solutions GmbH<br>Kratzenburger Landstra\u00dfe 4<br>56154 Boppard-Buchholz<br>Deutschland<\/p><p>Telefon: (+49) 6742 941350<br>E-Mail: <a href=\"mailto:info@ek-s.com\"><strong><span style=\"display:inline;unicode-bidi:bidi-override;direction:rtl;\" class=\"\">moc.s-ke<span style=\"display:none;\">obfsctd-238550<\/span>&#64;ofni<\/span><\/strong><\/a><\/p><p>Amtsgericht Koblenz, HRB 31053<br>Umsatzsteuer-Identifikationsnummer DE 812 149 135<\/p><p> <\/p><p><strong>Vertretungsberechtige<\/strong><\/p><p>Marco Ehrhardt, Bernd Dietrich, Kentaro Hayashi<\/p><p> <\/p><p><strong>Hinweise zum Urheberrecht<\/strong><\/p><p>Der gesamte auf unserer Internetseite dargestellte Inhalt (z.B. Texte, Bilder, Grafiken, Ton- und Videosequenzen) unterliegt uneingeschr\u00e4nkt den Bestimmungen des jeweiligen g\u00fcltigen Kennzeichenrechts sowie den Rechten der jeweiligen eingetragenen Eigent\u00fcmer.<\/p><p>Das Urheberrecht f\u00fcr von uns selbst erstellte und auf dieser Internetseite ver\u00f6ffentlichte Inhalte verbleibt alleine bei uns. Eine Vervielf\u00e4ltigung und Abbildung dieser Inhalte \u2013 als auch Teilen davon \u2013 in anderen elektronischen oder gedruckten Publikationen ist ohne ausdr\u00fcckliche schriftliche Zustimmung von EKS &#8211; Ehrhardt Konoike Solutions GmbH nicht gestattet. <\/p><p> <\/p><p><strong>Bildquellen<\/strong><\/p><p>\u00a9 <a href=\"https:\/\/www.istockphoto.com\/de\" target=\"_blank\" rel=\"noopener noreferrer\">www.istockphoto.com<\/a><\/p><p> <\/p><p><strong>Haftungsausschluss<\/strong><\/p><p>Wir freuen uns \u00fcber Ihren Besuch unserer Internetseite und an Ihrem Interesse an unserem Leistungsangebot. Nachfolgend finden Sie einige Hinweise zur Haftung. <\/p><p> <\/p><p><strong>Haftung f\u00fcr Inhalte<\/strong><\/p><p>Als Diensteanbieter sind wir f\u00fcr eigene Inhalte auf diesen Seiten nach den allgemeinen Gesetzen verantwortlich. Jedoch sind wir als Diensteanbieter nicht verpflichtet, \u00fcbermittelte oder gespeicherte fremde Informationen zu \u00fcberwachen oder nach Umst\u00e4nden zu forschen, die auf eine rechtswidrige T\u00e4tigkeit hinweisen. Verpflichtungen zur Entfernung oder Sperrung der Nutzung von Informationen nach den allgemeinen Gesetzen bleiben hiervon unber\u00fchrt. Eine diesbez\u00fcgliche Haftung ist jedoch erst ab dem Zeitpunkt der Kenntnis einer konkreten Rechtsverletzung m\u00f6glich. Bei Bekanntwerden von entsprechenden Rechtsverletzungen werden wir diese Inhalte umgehend entfernen.    <\/p><p> <\/p><p><strong>Haftung f\u00fcr Links<\/strong><\/p><p>Unser Angebot enth\u00e4lt Links zu externen Webseiten Dritter, auf deren Inhalte wir keinen Einfluss haben. Deshalb k\u00f6nnen wir f\u00fcr diese fremden Inhalte auch keine Gew\u00e4hr \u00fcbernehmen. F\u00fcr die Inhalte der verlinkten Seiten ist stets der jeweilige Anbieter oder Betreiber der Seiten verantwortlich. Die verlinkten Seiten wurden zum Zeitpunkt der Verlinkung auf m\u00f6gliche Rechtsverst\u00f6\u00dfe \u00fcberpr\u00fcft. Rechtswidrige Inhalte waren zum Zeitpunkt der Verlinkung nicht erkennbar. Eine permanente inhaltliche Kontrolle der verlinkten Seiten ist jedoch ohne konkrete Anhaltspunkte einer Rechtsverletzung nicht zumutbar. Bei Bekanntwerden von Rechtsverletzungen werden wir derartige Links umgehend entfernen.      <\/p>\t\t\t\t\t\t\t\t<\/div>\n\t\t\t\t<\/div>\n\t\t\t\t<\/div>\n\t\t\t\t\t<\/div>\n\t\t\t\t<\/div>\n\t\t\t\t<\/div>\n\t\t","protected":false},"excerpt":{"rendered":"<p>Impressum EKS &#8211; Ehrhardt Konoike Solutions GmbHKratzenburger Landstra\u00dfe 456154 Boppard-BuchholzDeutschland Telefon: (+49) 6742 941350E-Mail: moc.s-keobfsctd-41137f&#64;ofni Amtsgericht Koblenz, HRB 31053Umsatzsteuer-Identifikationsnummer DE 812 149 135 Vertretungsberechtige Marco Ehrhardt, Bernd Dietrich, Kentaro Hayashi Hinweise zum Urheberrecht Der gesamte auf unserer Internetseite dargestellte Inhalt (z.B. Texte, Bilder, Grafiken, Ton- und Videosequenzen) unterliegt uneingeschr\u00e4nkt den Bestimmungen des jeweiligen g\u00fcltigen Kennzeichenrechts [&hellip;]<\/p>\n","protected":false},"author":6,"featured_media":0,"parent":0,"menu_order":6,"comment_status":"closed","ping_status":"closed","template":"","meta":{"_seopress_robots_primary_cat":"","_seopress_titles_title":"","_seopress_titles_desc":"","_seopress_robots_index":"","footnotes":""},"class_list":["post-92707","page","type-page","status-publish","hentry"],"_links":{"self":[{"href":"https:\/\/dev.ek-s.com\/de\/wp-json\/wp\/v2\/pages\/92707","targetHints":{"allow":["GET"]}}],"collection":[{"href":"https:\/\/dev.ek-s.com\/de\/wp-json\/wp\/v2\/pages"}],"about":[{"href":"https:\/\/dev.ek-s.com\/de\/wp-json\/wp\/v2\/types\/page"}],"author":[{"embeddable":true,"href":"https:\/\/dev.ek-s.com\/de\/wp-json\/wp\/v2\/users\/6"}],"replies":[{"embeddable":true,"href":"https:\/\/dev.ek-s.com\/de\/wp-json\/wp\/v2\/comments?post=92707"}],"version-history":[{"count":1,"href":"https:\/\/dev.ek-s.com\/de\/wp-json\/wp\/v2\/pages\/92707\/revisions"}],"predecessor-version":[{"id":92708,"href":"https:\/\/dev.ek-s.com\/de\/wp-json\/wp\/v2\/pages\/92707\/revisions\/92708"}],"wp:attachment":[{"href":"https:\/\/dev.ek-s.com\/de\/wp-json\/wp\/v2\/media?parent=92707"}],"curies":[{"name":"wp","href":"https:\/\/api.w.org\/{rel}","templated":true}]}}